{"id":6404,"date":"2022-11-04T16:07:20","date_gmt":"2022-11-04T16:07:20","guid":{"rendered":"https:\/\/delaurier.nl\/over-ons\/"},"modified":"2023-07-18T09:09:23","modified_gmt":"2023-07-18T09:09:23","slug":"over-ons","status":"publish","type":"page","link":"https:\/\/delaurier.nl\/en\/over-ons\/","title":{"rendered":"Over ons"},"content":{"rendered":"\t\t<div data-elementor-type=\"wp-page\" data-elementor-id=\"6404\" class=\"elementor elementor-6404 elementor-3103\" data-elementor-post-type=\"page\">\n\t\t\t\t\t\t<section class=\"elementor-section elementor-top-section elementor-element elementor-element-562346b elementor-section-content-middle elementor-section-full_width elementor-section-height-min-height header-small elementor-section-height-default elementor-section-items-middle\" data-id=\"562346b\" data-element_type=\"section\" data-e-type=\"section\" data-settings=\"{&quot;background_background&quot;:&quot;classic&quot;,&quot;shape_divider_top&quot;:&quot;curve&quot;}\">\n\t\t\t\t\t\t\t<div class=\"elementor-background-overlay\"><\/div>\n\t\t\t\t\t\t<div class=\"elementor-shape elementor-shape-top\" aria-hidden=\"true\" data-negative=\"false\">\n\t\t\t<svg xmlns=\"http:\/\/www.w3.org\/2000\/svg\" viewBox=\"0 0 1000 100\" preserveAspectRatio=\"none\">\n    <path class=\"elementor-shape-fill\" d=\"M1000,4.3V0H0v4.3C0.9,23.1,126.7,99.2,500,100S1000,22.7,1000,4.3z\"\/>\n<\/svg>\t\t<\/div>\n\t\t\t\t\t<div class=\"elementor-container elementor-column-gap-default\">\n\t\t\t\t\t<div class=\"elementor-column elementor-col-100 elementor-top-column elementor-element elementor-element-598ef98\" data-id=\"598ef98\" data-element_type=\"column\" data-e-type=\"column\">\n\t\t\t<div class=\"elementor-widget-wrap elementor-element-populated\">\n\t\t\t\t\t\t<div class=\"elementor-element elementor-element-fc791be elementor-widget elementor-widget-heading\" data-id=\"fc791be\" data-element_type=\"widget\" data-e-type=\"widget\" data-widget_type=\"heading.default\">\n\t\t\t\t<div class=\"elementor-widget-container\">\n\t\t\t\t\t<h1 class=\"elementor-heading-title elementor-size-default\">Kookstudio in centrum Amsterdam<\/h1>\t\t\t\t<\/div>\n\t\t\t\t<\/div>\n\t\t\t\t\t<\/div>\n\t\t<\/div>\n\t\t\t\t\t<\/div>\n\t\t<\/section>\n\t\t\t\t<section class=\"elementor-section elementor-top-section elementor-element elementor-element-095d27e elementor-section-boxed elementor-section-height-default elementor-section-height-default\" data-id=\"095d27e\" data-element_type=\"section\" data-e-type=\"section\">\n\t\t\t\t\t\t<div class=\"elementor-container elementor-column-gap-default\">\n\t\t\t\t\t<div class=\"elementor-column elementor-col-100 elementor-top-column elementor-element elementor-element-93feff3\" data-id=\"93feff3\" data-element_type=\"column\" data-e-type=\"column\">\n\t\t\t<div class=\"elementor-widget-wrap elementor-element-populated\">\n\t\t\t\t\t\t<div class=\"elementor-element elementor-element-71de41d elementor-widget elementor-widget-woocommerce-breadcrumb\" data-id=\"71de41d\" data-element_type=\"widget\" data-e-type=\"widget\" data-widget_type=\"woocommerce-breadcrumb.default\">\n\t\t\t\t<div class=\"elementor-widget-container\">\n\t\t\t\t\t<nav class=\"woocommerce-breadcrumb\" aria-label=\"Breadcrumb\">Home<\/nav>\t\t\t\t<\/div>\n\t\t\t\t<\/div>\n\t\t\t\t\t<\/div>\n\t\t<\/div>\n\t\t\t\t\t<\/div>\n\t\t<\/section>\n\t\t\t\t<section class=\"elementor-section elementor-top-section elementor-element elementor-element-b19a067 elementor-section-content-middle no-break color-blocks elementor-section-boxed elementor-section-height-default elementor-section-height-default\" data-id=\"b19a067\" data-element_type=\"section\" data-e-type=\"section\">\n\t\t\t\t\t\t<div class=\"elementor-container elementor-column-gap-default\">\n\t\t\t\t\t<div class=\"elementor-column elementor-col-16 elementor-top-column elementor-element elementor-element-b9b99fe\" data-id=\"b9b99fe\" data-element_type=\"column\" data-e-type=\"column\">\n\t\t\t<div class=\"elementor-widget-wrap elementor-element-populated\">\n\t\t\t\t\t\t<div class=\"elementor-element elementor-element-cc5ebb8 elementor-widget elementor-widget-icon-box\" data-id=\"cc5ebb8\" data-element_type=\"widget\" data-e-type=\"widget\" data-widget_type=\"icon-box.default\">\n\t\t\t\t<div class=\"elementor-widget-container\">\n\t\t\t\t\t\t\t<div class=\"elementor-icon-box-wrapper\">\n\n\t\t\t\n\t\t\t\t\t\t<div class=\"elementor-icon-box-content\">\n\n\t\t\t\t\t\t\t\t\t<h4 class=\"elementor-icon-box-title\">\n\t\t\t\t\t\t<a href=\"https:\/\/delaurier.nl\/en\/kookstudio\/\" >\n\t\t\t\t\t\t\tHuur \t\t\t\t\t\t<\/a>\n\t\t\t\t\t<\/h4>\n\t\t\t\t\n\t\t\t\t\n\t\t\t<\/div>\n\t\t\t\n\t\t<\/div>\n\t\t\t\t\t\t<\/div>\n\t\t\t\t<\/div>\n\t\t\t\t\t<\/div>\n\t\t<\/div>\n\t\t\t\t<div class=\"elementor-column elementor-col-16 elementor-top-column elementor-element elementor-element-2cf5cab\" data-id=\"2cf5cab\" data-element_type=\"column\" data-e-type=\"column\">\n\t\t\t<div class=\"elementor-widget-wrap elementor-element-populated\">\n\t\t\t\t\t\t<div class=\"elementor-element elementor-element-6865d31 elementor-widget elementor-widget-icon-box\" data-id=\"6865d31\" data-element_type=\"widget\" data-e-type=\"widget\" data-widget_type=\"icon-box.default\">\n\t\t\t\t<div class=\"elementor-widget-container\">\n\t\t\t\t\t\t\t<div class=\"elementor-icon-box-wrapper\">\n\n\t\t\t\n\t\t\t\t\t\t<div class=\"elementor-icon-box-content\">\n\n\t\t\t\t\t\t\t\t\t<h4 class=\"elementor-icon-box-title\">\n\t\t\t\t\t\t<a href=\"https:\/\/delaurier.nl\/en\/kookles\/\" >\n\t\t\t\t\t\t\tKookcursus\/workshop\t\t\t\t\t\t<\/a>\n\t\t\t\t\t<\/h4>\n\t\t\t\t\n\t\t\t\t\n\t\t\t<\/div>\n\t\t\t\n\t\t<\/div>\n\t\t\t\t\t\t<\/div>\n\t\t\t\t<\/div>\n\t\t\t\t\t<\/div>\n\t\t<\/div>\n\t\t\t\t<div class=\"elementor-column elementor-col-16 elementor-top-column elementor-element elementor-element-8e6bbb9\" data-id=\"8e6bbb9\" data-element_type=\"column\" data-e-type=\"column\">\n\t\t\t<div class=\"elementor-widget-wrap elementor-element-populated\">\n\t\t\t\t\t\t<div class=\"elementor-element elementor-element-9846d6f elementor-widget elementor-widget-icon-box\" data-id=\"9846d6f\" data-element_type=\"widget\" data-e-type=\"widget\" data-widget_type=\"icon-box.default\">\n\t\t\t\t<div class=\"elementor-widget-container\">\n\t\t\t\t\t\t\t<div class=\"elementor-icon-box-wrapper\">\n\n\t\t\t\n\t\t\t\t\t\t<div class=\"elementor-icon-box-content\">\n\n\t\t\t\t\t\t\t\t\t<h4 class=\"elementor-icon-box-title\">\n\t\t\t\t\t\t<a href=\"https:\/\/delaurier.nl\/amuse-centrale\/\" >\n\t\t\t\t\t\t\tAmusecentrale\t\t\t\t\t\t<\/a>\n\t\t\t\t\t<\/h4>\n\t\t\t\t\n\t\t\t\t\n\t\t\t<\/div>\n\t\t\t\n\t\t<\/div>\n\t\t\t\t\t\t<\/div>\n\t\t\t\t<\/div>\n\t\t\t\t\t<\/div>\n\t\t<\/div>\n\t\t\t\t<div class=\"elementor-column elementor-col-16 elementor-top-column elementor-element elementor-element-ccfa882\" data-id=\"ccfa882\" data-element_type=\"column\" data-e-type=\"column\">\n\t\t\t<div class=\"elementor-widget-wrap elementor-element-populated\">\n\t\t\t\t\t\t<div class=\"elementor-element elementor-element-2fe99d1 elementor-widget elementor-widget-icon-box\" data-id=\"2fe99d1\" data-element_type=\"widget\" data-e-type=\"widget\" data-widget_type=\"icon-box.default\">\n\t\t\t\t<div class=\"elementor-widget-container\">\n\t\t\t\t\t\t\t<div class=\"elementor-icon-box-wrapper\">\n\n\t\t\t\n\t\t\t\t\t\t<div class=\"elementor-icon-box-content\">\n\n\t\t\t\t\t\t\t\t\t<h4 class=\"elementor-icon-box-title\">\n\t\t\t\t\t\t<a href=\"https:\/\/delaurier.nl\/en\/private-dining-met-chef\/\" >\n\t\t\t\t\t\t\tPrivate dining \t\t\t\t\t\t<\/a>\n\t\t\t\t\t<\/h4>\n\t\t\t\t\n\t\t\t\t\n\t\t\t<\/div>\n\t\t\t\n\t\t<\/div>\n\t\t\t\t\t\t<\/div>\n\t\t\t\t<\/div>\n\t\t\t\t\t<\/div>\n\t\t<\/div>\n\t\t\t\t<div class=\"elementor-column elementor-col-16 elementor-top-column elementor-element elementor-element-249a3f8\" data-id=\"249a3f8\" data-element_type=\"column\" data-e-type=\"column\">\n\t\t\t<div class=\"elementor-widget-wrap elementor-element-populated\">\n\t\t\t\t\t\t<div class=\"elementor-element elementor-element-3040007 elementor-widget elementor-widget-icon-box\" data-id=\"3040007\" data-element_type=\"widget\" data-e-type=\"widget\" data-widget_type=\"icon-box.default\">\n\t\t\t\t<div class=\"elementor-widget-container\">\n\t\t\t\t\t\t\t<div class=\"elementor-icon-box-wrapper\">\n\n\t\t\t\n\t\t\t\t\t\t<div class=\"elementor-icon-box-content\">\n\n\t\t\t\t\t\t\t\t\t<h4 class=\"elementor-icon-box-title\">\n\t\t\t\t\t\t<a href=\"https:\/\/delaurier.nl\/en\/catering\/\" >\n\t\t\t\t\t\t\tCatering\t\t\t\t\t\t<\/a>\n\t\t\t\t\t<\/h4>\n\t\t\t\t\n\t\t\t\t\n\t\t\t<\/div>\n\t\t\t\n\t\t<\/div>\n\t\t\t\t\t\t<\/div>\n\t\t\t\t<\/div>\n\t\t\t\t\t<\/div>\n\t\t<\/div>\n\t\t\t\t<div class=\"elementor-column elementor-col-16 elementor-top-column elementor-element elementor-element-e4c8efe\" data-id=\"e4c8efe\" data-element_type=\"column\" data-e-type=\"column\">\n\t\t\t<div class=\"elementor-widget-wrap elementor-element-populated\">\n\t\t\t\t\t\t<div class=\"elementor-element elementor-element-2ef4dff elementor-widget elementor-widget-icon-box\" data-id=\"2ef4dff\" data-element_type=\"widget\" data-e-type=\"widget\" data-widget_type=\"icon-box.default\">\n\t\t\t\t<div class=\"elementor-widget-container\">\n\t\t\t\t\t\t\t<div class=\"elementor-icon-box-wrapper\">\n\n\t\t\t\n\t\t\t\t\t\t<div class=\"elementor-icon-box-content\">\n\n\t\t\t\t\t\t\t\t\t<h4 class=\"elementor-icon-box-title\">\n\t\t\t\t\t\t<a href=\"https:\/\/delaurier.nl\/en\/pop-up-galerie-ruimte-59-61\/\" >\n\t\t\t\t\t\t\tPop-up galerie\t\t\t\t\t\t<\/a>\n\t\t\t\t\t<\/h4>\n\t\t\t\t\n\t\t\t\t\n\t\t\t<\/div>\n\t\t\t\n\t\t<\/div>\n\t\t\t\t\t\t<\/div>\n\t\t\t\t<\/div>\n\t\t\t\t\t<\/div>\n\t\t<\/div>\n\t\t\t\t\t<\/div>\n\t\t<\/section>\n\t\t\t\t<section class=\"elementor-section elementor-top-section elementor-element elementor-element-52e7a60 elementor-section-boxed elementor-section-height-default elementor-section-height-default\" data-id=\"52e7a60\" data-element_type=\"section\" data-e-type=\"section\">\n\t\t\t\t\t\t<div class=\"elementor-container elementor-column-gap-default\">\n\t\t\t\t\t<div class=\"elementor-column elementor-col-50 elementor-top-column elementor-element elementor-element-2dc3aeb\" data-id=\"2dc3aeb\" data-element_type=\"column\" data-e-type=\"column\">\n\t\t\t<div class=\"elementor-widget-wrap elementor-element-populated\">\n\t\t\t\t\t\t<div class=\"elementor-element elementor-element-0341828 elementor-widget elementor-widget-heading\" data-id=\"0341828\" data-element_type=\"widget\" data-e-type=\"widget\" data-widget_type=\"heading.default\">\n\t\t\t\t<div class=\"elementor-widget-container\">\n\t\t\t\t\t<h2 class=\"elementor-heading-title elementor-size-default\">About Kookstudio de Laurier<\/h2>\t\t\t\t<\/div>\n\t\t\t\t<\/div>\n\t\t\t\t<div class=\"elementor-element elementor-element-f9f188d elementor-widget elementor-widget-text-editor\" data-id=\"f9f188d\" data-element_type=\"widget\" data-e-type=\"widget\" data-widget_type=\"text-editor.default\">\n\t\t\t\t<div class=\"elementor-widget-container\">\n\t\t\t\t\t\t\t\t\t<p>Kookstudio De Laurier verzorgt sinds 1990 kooklessen en kookworkshops in Amsterdam, zowel voor grote als kleine groepen. Dit alles onder de bezielende leiding van Zo\u00eb Verloop en haar team.<\/p>\n<p>Het is elke keer inspirerend om met een groep de mooiste gerechten te bereiden en er vervolgens van te genieten! Voor kinderen zijn er kinderkooklessen of partijtjes.<\/p>\n<p>De kookstudio ligt op een mooie plek in het centrum van Amsterdam. Daarom is de kookstudio ook geschikt voor zakelijke bijeenkomsten<\/p>\n\t\t\t\t\t\t\t\t<\/div>\n\t\t\t\t<\/div>\n\t\t\t\t<div class=\"elementor-element elementor-element-709f3da elementor-widget elementor-widget-button\" data-id=\"709f3da\" data-element_type=\"widget\" data-e-type=\"widget\" data-widget_type=\"button.default\">\n\t\t\t\t<div class=\"elementor-widget-container\">\n\t\t\t\t\t\t\t\t\t<div class=\"elementor-button-wrapper\">\n\t\t\t\t\t<a class=\"elementor-button elementor-button-link elementor-size-sm\" href=\"https:\/\/delaurier.nl\/en\/reviews\/\">\n\t\t\t\t\t\t<span class=\"elementor-button-content-wrapper\">\n\t\t\t\t\t\t\t\t\t<span class=\"elementor-button-text\">Bekijk onze reviews<\/span>\n\t\t\t\t\t<\/span>\n\t\t\t\t\t<\/a>\n\t\t\t\t<\/div>\n\t\t\t\t\t\t\t\t<\/div>\n\t\t\t\t<\/div>\n\t\t\t\t\t<\/div>\n\t\t<\/div>\n\t\t\t\t<div class=\"elementor-column elementor-col-50 elementor-top-column elementor-element elementor-element-9825040\" data-id=\"9825040\" data-element_type=\"column\" data-e-type=\"column\" data-settings=\"{&quot;background_background&quot;:&quot;classic&quot;}\">\n\t\t\t<div class=\"elementor-widget-wrap elementor-element-populated\">\n\t\t\t\t\t\t<div class=\"elementor-element elementor-element-ac2d524 elementor-widget elementor-widget-spacer\" data-id=\"ac2d524\" data-element_type=\"widget\" data-e-type=\"widget\" data-widget_type=\"spacer.default\">\n\t\t\t\t<div class=\"elementor-widget-container\">\n\t\t\t\t\t\t\t<div class=\"elementor-spacer\">\n\t\t\t<div class=\"elementor-spacer-inner\"><\/div>\n\t\t<\/div>\n\t\t\t\t\t\t<\/div>\n\t\t\t\t<\/div>\n\t\t\t\t\t<\/div>\n\t\t<\/div>\n\t\t\t\t\t<\/div>\n\t\t<\/section>\n\t\t\t\t<section class=\"elementor-section elementor-top-section elementor-element elementor-element-5b3153e elementor-hidden-mobile elementor-section-boxed elementor-section-height-default elementor-section-height-default\" data-id=\"5b3153e\" data-element_type=\"section\" data-e-type=\"section\">\n\t\t\t\t\t\t<div class=\"elementor-container elementor-column-gap-default\">\n\t\t\t\t\t<div class=\"elementor-column elementor-col-100 elementor-top-column elementor-element elementor-element-e238925\" data-id=\"e238925\" data-element_type=\"column\" data-e-type=\"column\">\n\t\t\t<div class=\"elementor-widget-wrap elementor-element-populated\">\n\t\t\t\t\t\t<div class=\"elementor-element elementor-element-41ba4df elementor-widget-divider--view-line elementor-widget elementor-widget-divider\" data-id=\"41ba4df\" data-element_type=\"widget\" data-e-type=\"widget\" data-widget_type=\"divider.default\">\n\t\t\t\t<div class=\"elementor-widget-container\">\n\t\t\t\t\t\t\t<div class=\"elementor-divider\">\n\t\t\t<span class=\"elementor-divider-separator\">\n\t\t\t\t\t\t<\/span>\n\t\t<\/div>\n\t\t\t\t\t\t<\/div>\n\t\t\t\t<\/div>\n\t\t\t\t\t<\/div>\n\t\t<\/div>\n\t\t\t\t\t<\/div>\n\t\t<\/section>\n\t\t\t\t<section class=\"elementor-section elementor-top-section elementor-element elementor-element-5f63cc8 elementor-reverse-mobile elementor-section-content-middle elementor-section-boxed elementor-section-height-default elementor-section-height-default\" data-id=\"5f63cc8\" data-element_type=\"section\" data-e-type=\"section\">\n\t\t\t\t\t\t<div class=\"elementor-container elementor-column-gap-default\">\n\t\t\t\t\t<div class=\"elementor-column elementor-col-50 elementor-top-column elementor-element elementor-element-35494ee\" data-id=\"35494ee\" data-element_type=\"column\" data-e-type=\"column\" data-settings=\"{&quot;background_background&quot;:&quot;classic&quot;}\">\n\t\t\t<div class=\"elementor-widget-wrap elementor-element-populated\">\n\t\t\t\t\t\t<div class=\"elementor-element elementor-element-4ab4a46 elementor-widget elementor-widget-spacer\" data-id=\"4ab4a46\" data-element_type=\"widget\" data-e-type=\"widget\" data-widget_type=\"spacer.default\">\n\t\t\t\t<div class=\"elementor-widget-container\">\n\t\t\t\t\t\t\t<div class=\"elementor-spacer\">\n\t\t\t<div class=\"elementor-spacer-inner\"><\/div>\n\t\t<\/div>\n\t\t\t\t\t\t<\/div>\n\t\t\t\t<\/div>\n\t\t\t\t\t<\/div>\n\t\t<\/div>\n\t\t\t\t<div class=\"elementor-column elementor-col-50 elementor-top-column elementor-element elementor-element-c640688\" data-id=\"c640688\" data-element_type=\"column\" data-e-type=\"column\" data-settings=\"{&quot;background_background&quot;:&quot;classic&quot;}\">\n\t\t\t<div class=\"elementor-widget-wrap elementor-element-populated\">\n\t\t\t\t\t\t<div class=\"elementor-element elementor-element-134d6da elementor-widget elementor-widget-heading\" data-id=\"134d6da\" data-element_type=\"widget\" data-e-type=\"widget\" data-widget_type=\"heading.default\">\n\t\t\t\t<div class=\"elementor-widget-container\">\n\t\t\t\t\t<h2 class=\"elementor-heading-title elementor-size-default\">Zo\u00eb Verloop<\/h2>\t\t\t\t<\/div>\n\t\t\t\t<\/div>\n\t\t\t\t<div class=\"elementor-element elementor-element-1d260ab elementor-widget elementor-widget-text-editor\" data-id=\"1d260ab\" data-element_type=\"widget\" data-e-type=\"widget\" data-widget_type=\"text-editor.default\">\n\t\t\t\t<div class=\"elementor-widget-container\">\n\t\t\t\t\t\t\t\t\t<p>Zo\u00eb Verloop is het kloppend hart van Kookstudio de laurier. Zij is de initiatiefneemster en eigenaresse van de kookstudio. Bezeten van koken. Kleurrijk, vrolijk, gastvrij, gedreven en perfectionistisch.<\/p>\n<p>Naast de kookstudio doet ze nog veel meer. Haar passie is niet alleen koken, maar ook organiseren. Jaarlijks produceert ze tal van spraakmakende events in binnen- en buitenland. Voor particulieren en bedrijven. Ook doet ze graag crew catering op festivals.<\/p>\n<p>Wil jij een feest, diner of event? Zo\u00eb komt graag langs om je te inspireren en de mogelijkheden te bespreken.<\/p>\n<p>Zo\u00eb Verloop is \u00e9\u00e9n van Nederlands beste gastvrouwen op haar gebied die elk evenement tot in de puntjes verzorgd.\u00a0<\/p>\n\t\t\t\t\t\t\t\t<\/div>\n\t\t\t\t<\/div>\n\t\t\t\t\t<\/div>\n\t\t<\/div>\n\t\t\t\t\t<\/div>\n\t\t<\/section>\n\t\t\t\t<\/div>\n\t\t","protected":false},"excerpt":{"rendered":"<p>Kookstudio in centrum Amsterdam Huur Kookcursus\/workshop Amusecentrale Private dining Catering Pop-up galerie About Kookstudio de Laurier Kookstudio De Laurier verzorgt sinds 1990 kooklessen en kookworkshops in Amsterdam, zowel voor grote als kleine groepen. Dit alles onder de bezielende leiding van Zo\u00eb Verloop en haar team. Het is elke keer inspirerend om met een groep de [&hellip;]<\/p>\n","protected":false},"author":1,"featured_media":6334,"parent":0,"menu_order":0,"comment_status":"closed","ping_status":"closed","template":"elementor_header_footer","meta":{"_acf_changed":false,"inline_featured_image":false,"footnotes":""},"class_list":["post-6404","page","type-page","status-publish","has-post-thumbnail","hentry"],"acf":[],"yoast_head":"<!-- This site is optimized with the Yoast SEO plugin v24.8.1 - https:\/\/yoast.com\/wordpress\/plugins\/seo\/ -->\n<title>Over ons - De Kookstudio<\/title>\n<meta name=\"description\" content=\"Kookstudio De Laurier verzorgt sinds 1990 kooklessen en kookworkshops in Amsterdam, zowel voor grote als kleine groepen.\" \/>\n<meta name=\"robots\" content=\"index, follow, max-snippet:-1, max-image-preview:large, max-video-preview:-1\" \/>\n<link rel=\"canonical\" href=\"https:\/\/delaurier.nl\/en\/over-ons\/\" \/>\n<meta property=\"og:locale\" content=\"en_US\" \/>\n<meta property=\"og:type\" content=\"article\" \/>\n<meta property=\"og:title\" content=\"Over ons - De Kookstudio\" \/>\n<meta property=\"og:description\" content=\"Kookstudio De Laurier verzorgt sinds 1990 kooklessen en kookworkshops in Amsterdam, zowel voor grote als kleine groepen.\" \/>\n<meta property=\"og:url\" content=\"https:\/\/delaurier.nl\/en\/over-ons\/\" \/>\n<meta property=\"og:site_name\" content=\"De Kookstudio\" \/>\n<meta property=\"article:modified_time\" content=\"2023-07-18T09:09:23+00:00\" \/>\n<meta property=\"og:image\" content=\"http:\/\/delaurier.nl\/wp-content\/uploads\/2022\/11\/overons.png\" \/>\n\t<meta property=\"og:image:width\" content=\"1914\" \/>\n\t<meta property=\"og:image:height\" content=\"370\" \/>\n\t<meta property=\"og:image:type\" content=\"image\/png\" \/>\n<meta name=\"twitter:card\" content=\"summary_large_image\" \/>\n<meta name=\"twitter:label1\" content=\"Est. reading time\" \/>\n\t<meta name=\"twitter:data1\" content=\"1 minute\" \/>\n<script type=\"application\/ld+json\" class=\"yoast-schema-graph\">{\"@context\":\"https:\/\/schema.org\",\"@graph\":[{\"@type\":\"WebPage\",\"@id\":\"https:\/\/delaurier.nl\/en\/over-ons\/\",\"url\":\"https:\/\/delaurier.nl\/en\/over-ons\/\",\"name\":\"Over ons - De Kookstudio\",\"isPartOf\":{\"@id\":\"https:\/\/delaurier.nl\/en\/#website\"},\"primaryImageOfPage\":{\"@id\":\"https:\/\/delaurier.nl\/en\/over-ons\/#primaryimage\"},\"image\":{\"@id\":\"https:\/\/delaurier.nl\/en\/over-ons\/#primaryimage\"},\"thumbnailUrl\":\"https:\/\/delaurier.nl\/wp-content\/uploads\/2022\/11\/overons.png\",\"datePublished\":\"2022-11-04T16:07:20+00:00\",\"dateModified\":\"2023-07-18T09:09:23+00:00\",\"description\":\"Kookstudio De Laurier verzorgt sinds 1990 kooklessen en kookworkshops in Amsterdam, zowel voor grote als kleine groepen.\",\"breadcrumb\":{\"@id\":\"https:\/\/delaurier.nl\/en\/over-ons\/#breadcrumb\"},\"inLanguage\":\"en-US\",\"potentialAction\":[{\"@type\":\"ReadAction\",\"target\":[\"https:\/\/delaurier.nl\/en\/over-ons\/\"]}]},{\"@type\":\"ImageObject\",\"inLanguage\":\"en-US\",\"@id\":\"https:\/\/delaurier.nl\/en\/over-ons\/#primaryimage\",\"url\":\"https:\/\/delaurier.nl\/wp-content\/uploads\/2022\/11\/overons.png\",\"contentUrl\":\"https:\/\/delaurier.nl\/wp-content\/uploads\/2022\/11\/overons.png\",\"width\":1914,\"height\":370},{\"@type\":\"BreadcrumbList\",\"@id\":\"https:\/\/delaurier.nl\/en\/over-ons\/#breadcrumb\",\"itemListElement\":[{\"@type\":\"ListItem\",\"position\":1,\"name\":\"Home\",\"item\":\"https:\/\/delaurier.nl\/en\/\"},{\"@type\":\"ListItem\",\"position\":2,\"name\":\"Over ons\"}]},{\"@type\":\"WebSite\",\"@id\":\"https:\/\/delaurier.nl\/en\/#website\",\"url\":\"https:\/\/delaurier.nl\/en\/\",\"name\":\"De Kookstudio\",\"description\":\"\",\"publisher\":{\"@id\":\"https:\/\/delaurier.nl\/en\/#organization\"},\"potentialAction\":[{\"@type\":\"SearchAction\",\"target\":{\"@type\":\"EntryPoint\",\"urlTemplate\":\"https:\/\/delaurier.nl\/en\/?s={search_term_string}\"},\"query-input\":{\"@type\":\"PropertyValueSpecification\",\"valueRequired\":true,\"valueName\":\"search_term_string\"}}],\"inLanguage\":\"en-US\"},{\"@type\":\"Organization\",\"@id\":\"https:\/\/delaurier.nl\/en\/#organization\",\"name\":\"De Kookstudio\",\"url\":\"https:\/\/delaurier.nl\/en\/\",\"logo\":{\"@type\":\"ImageObject\",\"inLanguage\":\"en-US\",\"@id\":\"https:\/\/delaurier.nl\/en\/#\/schema\/logo\/image\/\",\"url\":\"https:\/\/delaurier.nl\/wp-content\/uploads\/2022\/10\/logolaurier-v2.png\",\"contentUrl\":\"https:\/\/delaurier.nl\/wp-content\/uploads\/2022\/10\/logolaurier-v2.png\",\"width\":410,\"height\":277,\"caption\":\"De Kookstudio\"},\"image\":{\"@id\":\"https:\/\/delaurier.nl\/en\/#\/schema\/logo\/image\/\"}}]}<\/script>\n<!-- \/ Yoast SEO plugin. -->","yoast_head_json":{"title":"Over ons - De Kookstudio","description":"Kookstudio De Laurier verzorgt sinds 1990 kooklessen en kookworkshops in Amsterdam, zowel voor grote als kleine groepen.","robots":{"index":"index","follow":"follow","max-snippet":"max-snippet:-1","max-image-preview":"max-image-preview:large","max-video-preview":"max-video-preview:-1"},"canonical":"https:\/\/delaurier.nl\/en\/over-ons\/","og_locale":"en_US","og_type":"article","og_title":"Over ons - De Kookstudio","og_description":"Kookstudio De Laurier verzorgt sinds 1990 kooklessen en kookworkshops in Amsterdam, zowel voor grote als kleine groepen.","og_url":"https:\/\/delaurier.nl\/en\/over-ons\/","og_site_name":"De Kookstudio","article_modified_time":"2023-07-18T09:09:23+00:00","og_image":[{"width":1914,"height":370,"url":"http:\/\/delaurier.nl\/wp-content\/uploads\/2022\/11\/overons.png","type":"image\/png"}],"twitter_card":"summary_large_image","twitter_misc":{"Est. reading time":"1 minute"},"schema":{"@context":"https:\/\/schema.org","@graph":[{"@type":"WebPage","@id":"https:\/\/delaurier.nl\/en\/over-ons\/","url":"https:\/\/delaurier.nl\/en\/over-ons\/","name":"Over ons - De Kookstudio","isPartOf":{"@id":"https:\/\/delaurier.nl\/en\/#website"},"primaryImageOfPage":{"@id":"https:\/\/delaurier.nl\/en\/over-ons\/#primaryimage"},"image":{"@id":"https:\/\/delaurier.nl\/en\/over-ons\/#primaryimage"},"thumbnailUrl":"https:\/\/delaurier.nl\/wp-content\/uploads\/2022\/11\/overons.png","datePublished":"2022-11-04T16:07:20+00:00","dateModified":"2023-07-18T09:09:23+00:00","description":"Kookstudio De Laurier verzorgt sinds 1990 kooklessen en kookworkshops in Amsterdam, zowel voor grote als kleine groepen.","breadcrumb":{"@id":"https:\/\/delaurier.nl\/en\/over-ons\/#breadcrumb"},"inLanguage":"en-US","potentialAction":[{"@type":"ReadAction","target":["https:\/\/delaurier.nl\/en\/over-ons\/"]}]},{"@type":"ImageObject","inLanguage":"en-US","@id":"https:\/\/delaurier.nl\/en\/over-ons\/#primaryimage","url":"https:\/\/delaurier.nl\/wp-content\/uploads\/2022\/11\/overons.png","contentUrl":"https:\/\/delaurier.nl\/wp-content\/uploads\/2022\/11\/overons.png","width":1914,"height":370},{"@type":"BreadcrumbList","@id":"https:\/\/delaurier.nl\/en\/over-ons\/#breadcrumb","itemListElement":[{"@type":"ListItem","position":1,"name":"Home","item":"https:\/\/delaurier.nl\/en\/"},{"@type":"ListItem","position":2,"name":"Over ons"}]},{"@type":"WebSite","@id":"https:\/\/delaurier.nl\/en\/#website","url":"https:\/\/delaurier.nl\/en\/","name":"De Kookstudio","description":"","publisher":{"@id":"https:\/\/delaurier.nl\/en\/#organization"},"potentialAction":[{"@type":"SearchAction","target":{"@type":"EntryPoint","urlTemplate":"https:\/\/delaurier.nl\/en\/?s={search_term_string}"},"query-input":{"@type":"PropertyValueSpecification","valueRequired":true,"valueName":"search_term_string"}}],"inLanguage":"en-US"},{"@type":"Organization","@id":"https:\/\/delaurier.nl\/en\/#organization","name":"De Kookstudio","url":"https:\/\/delaurier.nl\/en\/","logo":{"@type":"ImageObject","inLanguage":"en-US","@id":"https:\/\/delaurier.nl\/en\/#\/schema\/logo\/image\/","url":"https:\/\/delaurier.nl\/wp-content\/uploads\/2022\/10\/logolaurier-v2.png","contentUrl":"https:\/\/delaurier.nl\/wp-content\/uploads\/2022\/10\/logolaurier-v2.png","width":410,"height":277,"caption":"De Kookstudio"},"image":{"@id":"https:\/\/delaurier.nl\/en\/#\/schema\/logo\/image\/"}}]}},"_links":{"self":[{"href":"https:\/\/delaurier.nl\/en\/wp-json\/wp\/v2\/pages\/6404","targetHints":{"allow":["GET"]}}],"collection":[{"href":"https:\/\/delaurier.nl\/en\/wp-json\/wp\/v2\/pages"}],"about":[{"href":"https:\/\/delaurier.nl\/en\/wp-json\/wp\/v2\/types\/page"}],"author":[{"embeddable":true,"href":"https:\/\/delaurier.nl\/en\/wp-json\/wp\/v2\/users\/1"}],"replies":[{"embeddable":true,"href":"https:\/\/delaurier.nl\/en\/wp-json\/wp\/v2\/comments?post=6404"}],"version-history":[{"count":5,"href":"https:\/\/delaurier.nl\/en\/wp-json\/wp\/v2\/pages\/6404\/revisions"}],"predecessor-version":[{"id":7289,"href":"https:\/\/delaurier.nl\/en\/wp-json\/wp\/v2\/pages\/6404\/revisions\/7289"}],"wp:featuredmedia":[{"embeddable":true,"href":"https:\/\/delaurier.nl\/en\/wp-json\/wp\/v2\/media\/6334"}],"wp:attachment":[{"href":"https:\/\/delaurier.nl\/en\/wp-json\/wp\/v2\/media?parent=6404"}],"curies":[{"name":"wp","href":"https:\/\/api.w.org\/{rel}","templated":true}]}}