{"id":6421,"date":"2022-09-28T14:24:53","date_gmt":"2022-09-28T14:24:53","guid":{"rendered":"https:\/\/delaurier.nl\/zoe-co\/"},"modified":"2022-09-28T14:24:53","modified_gmt":"2022-09-28T14:24:53","slug":"zoe-co","status":"publish","type":"page","link":"https:\/\/delaurier.nl\/en\/zoe-co\/","title":{"rendered":"Zo\u00eb &#038; Co"},"content":{"rendered":"\t\t<div data-elementor-type=\"wp-page\" data-elementor-id=\"6421\" class=\"elementor elementor-6421 elementor-2113\" data-elementor-post-type=\"page\">\n\t\t\t\t\t\t<section class=\"elementor-section elementor-top-section elementor-element elementor-element-52e7a60 elementor-section-boxed elementor-section-height-default elementor-section-height-default\" data-id=\"52e7a60\" data-element_type=\"section\" data-e-type=\"section\">\n\t\t\t\t\t\t<div class=\"elementor-container elementor-column-gap-default\">\n\t\t\t\t\t<div class=\"elementor-column elementor-col-50 elementor-top-column elementor-element elementor-element-2dc3aeb\" data-id=\"2dc3aeb\" data-element_type=\"column\" data-e-type=\"column\">\n\t\t\t<div class=\"elementor-widget-wrap elementor-element-populated\">\n\t\t\t\t\t\t<div class=\"elementor-element elementor-element-0341828 elementor-widget elementor-widget-heading\" data-id=\"0341828\" data-element_type=\"widget\" data-e-type=\"widget\" data-widget_type=\"heading.default\">\n\t\t\t\t<div class=\"elementor-widget-container\">\n\t\t\t\t\t<h2 class=\"elementor-heading-title elementor-size-default\">Zo\u00eb organiseert<\/h2>\t\t\t\t<\/div>\n\t\t\t\t<\/div>\n\t\t\t\t<div class=\"elementor-element elementor-element-f9f188d elementor-widget elementor-widget-text-editor\" data-id=\"f9f188d\" data-element_type=\"widget\" data-e-type=\"widget\" data-widget_type=\"text-editor.default\">\n\t\t\t\t<div class=\"elementor-widget-container\">\n\t\t\t\t\t\t\t\t\t<p>Zo\u00eb Verloop \u2013Kloppend hart van de laurier. Initiatiefneemster en eigenaresse.<br \/>Bezeten van koken. Kleurrijk, gedreven en perfectionistisch. E\u00e9n van Nederlands beste gastvrouwen op haar gebied.<\/p><p>Gelooft heilig in service en presentatie.<\/p><p>Begrijpt dat het ene maatpak het andere niet is. <br \/>Werkt samen met professionele vakgenoten. Vervolmaakt ieder ontvangst tot een zinnenprikkelend hoogtepunt.<\/p><p>22 jaar ervaring als producente en onderneemster met een ontelbare lijst van spraakmakende events in binnen- en buitenland. Zo\u00eb komt graag langs om voor u het mooiste event, feest of diner met u te bespreken.<\/p>\t\t\t\t\t\t\t\t<\/div>\n\t\t\t\t<\/div>\n\t\t\t\t\t<\/div>\n\t\t<\/div>\n\t\t\t\t<div class=\"elementor-column elementor-col-50 elementor-top-column elementor-element elementor-element-9825040\" data-id=\"9825040\" data-element_type=\"column\" data-e-type=\"column\" data-settings=\"{&quot;background_background&quot;:&quot;classic&quot;}\">\n\t\t\t<div class=\"elementor-widget-wrap elementor-element-populated\">\n\t\t\t\t\t\t<div class=\"elementor-element elementor-element-f227e2e elementor-widget elementor-widget-spacer\" data-id=\"f227e2e\" data-element_type=\"widget\" data-e-type=\"widget\" data-widget_type=\"spacer.default\">\n\t\t\t\t<div class=\"elementor-widget-container\">\n\t\t\t\t\t\t\t<div class=\"elementor-spacer\">\n\t\t\t<div class=\"elementor-spacer-inner\"><\/div>\n\t\t<\/div>\n\t\t\t\t\t\t<\/div>\n\t\t\t\t<\/div>\n\t\t\t\t\t<\/div>\n\t\t<\/div>\n\t\t\t\t\t<\/div>\n\t\t<\/section>\n\t\t\t\t<section class=\"elementor-section elementor-top-section elementor-element elementor-element-5f63cc8 elementor-reverse-mobile elementor-section-boxed elementor-section-height-default elementor-section-height-default\" data-id=\"5f63cc8\" data-element_type=\"section\" data-e-type=\"section\">\n\t\t\t\t\t\t<div class=\"elementor-container elementor-column-gap-default\">\n\t\t\t\t\t<div class=\"elementor-column elementor-col-50 elementor-top-column elementor-element elementor-element-c640688\" data-id=\"c640688\" data-element_type=\"column\" data-e-type=\"column\" data-settings=\"{&quot;background_background&quot;:&quot;classic&quot;}\">\n\t\t\t<div class=\"elementor-widget-wrap elementor-element-populated\">\n\t\t\t\t\t\t<div class=\"elementor-element elementor-element-892a642 elementor-widget elementor-widget-spacer\" data-id=\"892a642\" data-element_type=\"widget\" data-e-type=\"widget\" data-widget_type=\"spacer.default\">\n\t\t\t\t<div class=\"elementor-widget-container\">\n\t\t\t\t\t\t\t<div class=\"elementor-spacer\">\n\t\t\t<div class=\"elementor-spacer-inner\"><\/div>\n\t\t<\/div>\n\t\t\t\t\t\t<\/div>\n\t\t\t\t<\/div>\n\t\t\t\t\t<\/div>\n\t\t<\/div>\n\t\t\t\t<div class=\"elementor-column elementor-col-50 elementor-top-column elementor-element elementor-element-35494ee\" data-id=\"35494ee\" data-element_type=\"column\" data-e-type=\"column\">\n\t\t\t<div class=\"elementor-widget-wrap elementor-element-populated\">\n\t\t\t\t\t\t<div class=\"elementor-element elementor-element-8aa661c elementor-widget elementor-widget-heading\" data-id=\"8aa661c\" data-element_type=\"widget\" data-e-type=\"widget\" data-widget_type=\"heading.default\">\n\t\t\t\t<div class=\"elementor-widget-container\">\n\t\t\t\t\t<h2 class=\"elementor-heading-title elementor-size-default\">Kati kookt<\/h2>\t\t\t\t<\/div>\n\t\t\t\t<\/div>\n\t\t\t\t<div class=\"elementor-element elementor-element-0f5bd56 elementor-widget elementor-widget-text-editor\" data-id=\"0f5bd56\" data-element_type=\"widget\" data-e-type=\"widget\" data-widget_type=\"text-editor.default\">\n\t\t\t\t<div class=\"elementor-widget-container\">\n\t\t\t\t\t\t\t\t\t<p>Kati Koskinen\u2013 O\u00f3k bezeten van koken. Doet dat al meer dan 20 jaar\u00a0voor de laurier. Chef-kok. Met een ongekende passie voor pure smaken. Complementeert ieder evenement met spraakmakende gerechten. Noeste werker. Dwaalt door kookboeken. Werkt menu\u2019s uit waarin het spel der smaken centraal staat. Slaapt niet voordat ze gevonden heeft wat ze zoekt.\u00a0<\/p><p>Al jaren kookt Kati bij de klanten thuis en in hun keuken voor de kleine priv\u00e9 diners.\u00a0Kati is degene die samen met Zo\u00eb \u00a0de inkopen verzorgt, de menu\u2019s bedenkt en leiding geeft aan de keuken.<\/p><p>Kati gebruikt haar Finse achtergrond als basis van de gerechten die ze samen met Zo\u00eb ontwikkelt.<\/p>\t\t\t\t\t\t\t\t<\/div>\n\t\t\t\t<\/div>\n\t\t\t\t\t<\/div>\n\t\t<\/div>\n\t\t\t\t\t<\/div>\n\t\t<\/section>\n\t\t\t\t<\/div>\n\t\t","protected":false},"excerpt":{"rendered":"<p>Zo\u00eb organiseert Zo\u00eb Verloop \u2013Kloppend hart van de laurier. Initiatiefneemster en eigenaresse.Bezeten van koken. Kleurrijk, gedreven en perfectionistisch. E\u00e9n van Nederlands beste gastvrouwen op haar gebied. Gelooft heilig in service en presentatie. Begrijpt dat het ene maatpak het andere niet is. Werkt samen met professionele vakgenoten. Vervolmaakt ieder ontvangst tot een zinnenprikkelend hoogtepunt. 22 jaar [&hellip;]<\/p>\n","protected":false},"author":1,"featured_media":0,"parent":0,"menu_order":0,"comment_status":"closed","ping_status":"closed","template":"elementor_header_footer","meta":{"_acf_changed":false,"inline_featured_image":false,"footnotes":""},"class_list":["post-6421","page","type-page","status-publish","hentry"],"acf":[],"yoast_head":"<!-- This site is optimized with the Yoast SEO plugin v24.8.1 - https:\/\/yoast.com\/wordpress\/plugins\/seo\/ -->\n<title>Zo\u00eb &amp; Co - De Kookstudio<\/title>\n<meta name=\"robots\" content=\"index, follow, max-snippet:-1, max-image-preview:large, max-video-preview:-1\" \/>\n<link rel=\"canonical\" href=\"https:\/\/delaurier.nl\/en\/zoe-co\/\" \/>\n<meta property=\"og:locale\" content=\"en_US\" \/>\n<meta property=\"og:type\" content=\"article\" \/>\n<meta property=\"og:title\" content=\"Zo\u00eb &amp; Co - De Kookstudio\" \/>\n<meta property=\"og:description\" content=\"Zo\u00eb organiseert Zo\u00eb Verloop \u2013Kloppend hart van de laurier. Initiatiefneemster en eigenaresse.Bezeten van koken. Kleurrijk, gedreven en perfectionistisch. E\u00e9n van Nederlands beste gastvrouwen op haar gebied. Gelooft heilig in service en presentatie. Begrijpt dat het ene maatpak het andere niet is. Werkt samen met professionele vakgenoten. Vervolmaakt ieder ontvangst tot een zinnenprikkelend hoogtepunt. 22 jaar [&hellip;]\" \/>\n<meta property=\"og:url\" content=\"https:\/\/delaurier.nl\/en\/zoe-co\/\" \/>\n<meta property=\"og:site_name\" content=\"De Kookstudio\" \/>\n<meta name=\"twitter:card\" content=\"summary_large_image\" \/>\n<meta name=\"twitter:label1\" content=\"Est. reading time\" \/>\n\t<meta name=\"twitter:data1\" content=\"1 minute\" \/>\n<script type=\"application\/ld+json\" class=\"yoast-schema-graph\">{\"@context\":\"https:\/\/schema.org\",\"@graph\":[{\"@type\":\"WebPage\",\"@id\":\"https:\/\/delaurier.nl\/en\/zoe-co\/\",\"url\":\"https:\/\/delaurier.nl\/en\/zoe-co\/\",\"name\":\"Zo\u00eb & Co - De Kookstudio\",\"isPartOf\":{\"@id\":\"https:\/\/delaurier.nl\/en\/#website\"},\"datePublished\":\"2022-09-28T14:24:53+00:00\",\"breadcrumb\":{\"@id\":\"https:\/\/delaurier.nl\/en\/zoe-co\/#breadcrumb\"},\"inLanguage\":\"en-US\",\"potentialAction\":[{\"@type\":\"ReadAction\",\"target\":[\"https:\/\/delaurier.nl\/en\/zoe-co\/\"]}]},{\"@type\":\"BreadcrumbList\",\"@id\":\"https:\/\/delaurier.nl\/en\/zoe-co\/#breadcrumb\",\"itemListElement\":[{\"@type\":\"ListItem\",\"position\":1,\"name\":\"Home\",\"item\":\"https:\/\/delaurier.nl\/en\/\"},{\"@type\":\"ListItem\",\"position\":2,\"name\":\"Zo\u00eb &#038; Co\"}]},{\"@type\":\"WebSite\",\"@id\":\"https:\/\/delaurier.nl\/en\/#website\",\"url\":\"https:\/\/delaurier.nl\/en\/\",\"name\":\"De Kookstudio\",\"description\":\"\",\"publisher\":{\"@id\":\"https:\/\/delaurier.nl\/en\/#organization\"},\"potentialAction\":[{\"@type\":\"SearchAction\",\"target\":{\"@type\":\"EntryPoint\",\"urlTemplate\":\"https:\/\/delaurier.nl\/en\/?s={search_term_string}\"},\"query-input\":{\"@type\":\"PropertyValueSpecification\",\"valueRequired\":true,\"valueName\":\"search_term_string\"}}],\"inLanguage\":\"en-US\"},{\"@type\":\"Organization\",\"@id\":\"https:\/\/delaurier.nl\/en\/#organization\",\"name\":\"De Kookstudio\",\"url\":\"https:\/\/delaurier.nl\/en\/\",\"logo\":{\"@type\":\"ImageObject\",\"inLanguage\":\"en-US\",\"@id\":\"https:\/\/delaurier.nl\/en\/#\/schema\/logo\/image\/\",\"url\":\"https:\/\/delaurier.nl\/wp-content\/uploads\/2022\/10\/logolaurier-v2.png\",\"contentUrl\":\"https:\/\/delaurier.nl\/wp-content\/uploads\/2022\/10\/logolaurier-v2.png\",\"width\":410,\"height\":277,\"caption\":\"De Kookstudio\"},\"image\":{\"@id\":\"https:\/\/delaurier.nl\/en\/#\/schema\/logo\/image\/\"}}]}<\/script>\n<!-- \/ Yoast SEO plugin. -->","yoast_head_json":{"title":"Zo\u00eb & Co - De Kookstudio","robots":{"index":"index","follow":"follow","max-snippet":"max-snippet:-1","max-image-preview":"max-image-preview:large","max-video-preview":"max-video-preview:-1"},"canonical":"https:\/\/delaurier.nl\/en\/zoe-co\/","og_locale":"en_US","og_type":"article","og_title":"Zo\u00eb & Co - De Kookstudio","og_description":"Zo\u00eb organiseert Zo\u00eb Verloop \u2013Kloppend hart van de laurier. Initiatiefneemster en eigenaresse.Bezeten van koken. Kleurrijk, gedreven en perfectionistisch. E\u00e9n van Nederlands beste gastvrouwen op haar gebied. Gelooft heilig in service en presentatie. Begrijpt dat het ene maatpak het andere niet is. Werkt samen met professionele vakgenoten. Vervolmaakt ieder ontvangst tot een zinnenprikkelend hoogtepunt. 22 jaar [&hellip;]","og_url":"https:\/\/delaurier.nl\/en\/zoe-co\/","og_site_name":"De Kookstudio","twitter_card":"summary_large_image","twitter_misc":{"Est. reading time":"1 minute"},"schema":{"@context":"https:\/\/schema.org","@graph":[{"@type":"WebPage","@id":"https:\/\/delaurier.nl\/en\/zoe-co\/","url":"https:\/\/delaurier.nl\/en\/zoe-co\/","name":"Zo\u00eb & Co - De Kookstudio","isPartOf":{"@id":"https:\/\/delaurier.nl\/en\/#website"},"datePublished":"2022-09-28T14:24:53+00:00","breadcrumb":{"@id":"https:\/\/delaurier.nl\/en\/zoe-co\/#breadcrumb"},"inLanguage":"en-US","potentialAction":[{"@type":"ReadAction","target":["https:\/\/delaurier.nl\/en\/zoe-co\/"]}]},{"@type":"BreadcrumbList","@id":"https:\/\/delaurier.nl\/en\/zoe-co\/#breadcrumb","itemListElement":[{"@type":"ListItem","position":1,"name":"Home","item":"https:\/\/delaurier.nl\/en\/"},{"@type":"ListItem","position":2,"name":"Zo\u00eb &#038; Co"}]},{"@type":"WebSite","@id":"https:\/\/delaurier.nl\/en\/#website","url":"https:\/\/delaurier.nl\/en\/","name":"De Kookstudio","description":"","publisher":{"@id":"https:\/\/delaurier.nl\/en\/#organization"},"potentialAction":[{"@type":"SearchAction","target":{"@type":"EntryPoint","urlTemplate":"https:\/\/delaurier.nl\/en\/?s={search_term_string}"},"query-input":{"@type":"PropertyValueSpecification","valueRequired":true,"valueName":"search_term_string"}}],"inLanguage":"en-US"},{"@type":"Organization","@id":"https:\/\/delaurier.nl\/en\/#organization","name":"De Kookstudio","url":"https:\/\/delaurier.nl\/en\/","logo":{"@type":"ImageObject","inLanguage":"en-US","@id":"https:\/\/delaurier.nl\/en\/#\/schema\/logo\/image\/","url":"https:\/\/delaurier.nl\/wp-content\/uploads\/2022\/10\/logolaurier-v2.png","contentUrl":"https:\/\/delaurier.nl\/wp-content\/uploads\/2022\/10\/logolaurier-v2.png","width":410,"height":277,"caption":"De Kookstudio"},"image":{"@id":"https:\/\/delaurier.nl\/en\/#\/schema\/logo\/image\/"}}]}},"_links":{"self":[{"href":"https:\/\/delaurier.nl\/en\/wp-json\/wp\/v2\/pages\/6421","targetHints":{"allow":["GET"]}}],"collection":[{"href":"https:\/\/delaurier.nl\/en\/wp-json\/wp\/v2\/pages"}],"about":[{"href":"https:\/\/delaurier.nl\/en\/wp-json\/wp\/v2\/types\/page"}],"author":[{"embeddable":true,"href":"https:\/\/delaurier.nl\/en\/wp-json\/wp\/v2\/users\/1"}],"replies":[{"embeddable":true,"href":"https:\/\/delaurier.nl\/en\/wp-json\/wp\/v2\/comments?post=6421"}],"version-history":[{"count":0,"href":"https:\/\/delaurier.nl\/en\/wp-json\/wp\/v2\/pages\/6421\/revisions"}],"wp:attachment":[{"href":"https:\/\/delaurier.nl\/en\/wp-json\/wp\/v2\/media?parent=6421"}],"curies":[{"name":"wp","href":"https:\/\/api.w.org\/{rel}","templated":true}]}}